{"id":731,"date":"2024-04-25T20:52:13","date_gmt":"2024-04-25T20:52:13","guid":{"rendered":"https:\/\/woodstocktosegreenway.darvu.com\/comhairliuchan-poibli\/"},"modified":"2026-04-07T08:01:03","modified_gmt":"2026-04-07T08:01:03","slug":"comhairliuchan-poibli","status":"publish","type":"page","link":"https:\/\/www.woodstocktosegreenway.ie\/ga\/comhairliuchan-poibli\/","title":{"rendered":"Comhairli\u00fach\u00e1n Poibl\u00ed"},"content":{"rendered":"<style>.kb-row-layout-id25_0fbc29-dc > .kt-row-column-wrap{align-content:start;}:where(.kb-row-layout-id25_0fbc29-dc > .kt-row-column-wrap) > .wp-block-kadence-column{justify-content:start;}.kb-row-layout-id25_0fbc29-dc > .kt-row-column-wrap{column-gap:var(--global-kb-gap-md, 2rem);row-gap:var(--global-kb-gap-md, 2rem);max-width:742px;margin-left:auto;margin-right:auto;padding-top:0px;padding-bottom:0px;min-height:700px;grid-template-columns:minmax(0, 1fr);}.kb-row-layout-id25_0fbc29-dc{background-image:url('https:\/\/www.woodstocktosegreenway.ie\/wp-content\/uploads\/2024\/11\/20240617_153258-2-scaled.jpg');background-size:cover;background-position:center center;background-attachment:fixed;background-repeat:no-repeat;}.kb-row-layout-id25_0fbc29-dc > .kt-row-layout-overlay{opacity:0.96;background:radial-gradient(ellipse at center center,rgba(0,5,0,0.1) 0%,rgba(0,5,0,0.9) 100%);mix-blend-mode:multiply;}@media all and (max-width: 1024px), only screen and (min-device-width: 1024px) and (max-device-width: 1366px) and (-webkit-min-device-pixel-ratio: 2) and (hover: none){.kb-row-layout-id25_0fbc29-dc{background-attachment:scroll;}}@media all and (max-width: 1024px){.kb-row-layout-id25_0fbc29-dc > .kt-row-column-wrap{min-height:300px;grid-template-columns:minmax(0, 1fr);}}@media all and (max-width: 767px){.kb-row-layout-id25_0fbc29-dc > .kt-row-column-wrap{min-height:200px;grid-template-columns:minmax(0, 1fr);}}<\/style><div class=\"kb-row-layout-wrap kb-row-layout-id25_0fbc29-dc alignnone kt-row-has-bg wp-block-kadence-rowlayout\"><div class=\"kt-row-layout-overlay kt-row-overlay-gradient\"><\/div><div class=\"kt-row-column-wrap kt-has-1-columns kt-row-layout-equal kt-tab-layout-inherit kt-mobile-layout-row kt-row-valign-top kt-inner-column-height-full\">\n<style>.kadence-column25_c57749-c7 > .kt-inside-inner-col{display:flex;}.kadence-column25_c57749-c7 > .kt-inside-inner-col{min-height:400px;}.kadence-column25_c57749-c7 > .kt-inside-inner-col,.kadence-column25_c57749-c7 > .kt-inside-inner-col:before{border-top-left-radius:0px;border-top-right-radius:0px;border-bottom-right-radius:0px;border-bottom-left-radius:0px;}.kadence-column25_c57749-c7 > .kt-inside-inner-col{column-gap:var(--global-kb-gap-sm, 1rem);}.kadence-column25_c57749-c7 > .kt-inside-inner-col{flex-direction:column;justify-content:center;}.kadence-column25_c57749-c7 > .kt-inside-inner-col > .aligncenter{width:100%;}.kt-row-column-wrap > .kadence-column25_c57749-c7{align-self:center;}.kt-inner-column-height-full:not(.kt-has-1-columns) > .wp-block-kadence-column.kadence-column25_c57749-c7{align-self:auto;}.kt-inner-column-height-full:not(.kt-has-1-columns) > .wp-block-kadence-column.kadence-column25_c57749-c7 > .kt-inside-inner-col{flex-direction:column;justify-content:center;}.kadence-column25_c57749-c7 > .kt-inside-inner-col:before{opacity:1;mix-blend-mode:normal;}.kadence-column25_c57749-c7{position:relative;}@media all and (max-width: 1024px){.kadence-column25_c57749-c7 > .kt-inside-inner-col{min-height:300px;flex-direction:column;justify-content:center;}}@media all and (max-width: 1024px){.kt-row-column-wrap > .kadence-column25_c57749-c7{align-self:center;}}@media all and (max-width: 1024px){.kt-inner-column-height-full:not(.kt-has-1-columns) > .wp-block-kadence-column.kadence-column25_c57749-c7{align-self:auto;}}@media all and (max-width: 1024px){.kt-inner-column-height-full:not(.kt-has-1-columns) > .wp-block-kadence-column.kadence-column25_c57749-c7 > .kt-inside-inner-col{flex-direction:column;justify-content:center;}}@media all and (max-width: 767px){.kadence-column25_c57749-c7 > .kt-inside-inner-col{min-height:200px;flex-direction:column;justify-content:center;}.kt-row-column-wrap > .kadence-column25_c57749-c7{align-self:center;}.kt-inner-column-height-full:not(.kt-has-1-columns) > .wp-block-kadence-column.kadence-column25_c57749-c7{align-self:auto;}.kt-inner-column-height-full:not(.kt-has-1-columns) > .wp-block-kadence-column.kadence-column25_c57749-c7 > .kt-inside-inner-col{flex-direction:column;justify-content:center;}}<\/style>\n<div class=\"wp-block-kadence-column kadence-column25_c57749-c7\"><div class=\"kt-inside-inner-col\">\n<h2 class=\"wp-block-heading has-text-align-center has-white-color has-text-color has-link-color wp-elements-5acb0946056211dbe409cf1ab13ad2b6\">Comhairli\u00fach\u00e1n Poibl\u00ed \u2013 Glac p\u00e1irt!<\/h2>\n\n\n\n<p class=\"has-text-align-center has-white-color has-text-color has-link-color has-medium-font-size wp-elements-ec02acd5e7521dc04cd82d56b8a06ffe\">Feidhm\u00edonn an leathanach seo mar acmhainn faisn\u00e9ise maidir le tr\u00e9imhs\u00ed Comhairli\u00fach\u00e1in Phoibl\u00ed an tionscadail. T\u00e1imid tiomanta t\u00fa a choinne\u00e1il ar an eolas, agus d\u00e9anfar an leathanach seo a nuashonr\u00fa go rialta leis an bhfaisn\u00e9is is d\u00e9ana\u00ed maidir le comhairli\u00fach\u00e1in phoibl\u00ed.  <\/p>\n\n\n\n<p class=\"has-text-align-center has-white-color has-text-color has-link-color has-medium-font-size wp-elements-b4a7ef7f79dca49b6a4623d17a353087\">Ar an leathanach seo gheobhaidh t\u00fa sonra\u00ed faoi imeachta\u00ed comhairli\u00fach\u00e1in phearsanta at\u00e1 le teacht, \u00e1it ar f\u00e9idir leat dul i dteagmh\u00e1il go d\u00edreach le foireann an tionscadail chun tuilleadh a fhoghlaim faoin tionscadal. Ina theannta sin, cuirfimid faisn\u00e9is ar f\u00e1il maidir le conas d\u2019aiseolas a chur isteach don phr\u00f3iseas comhairli\u00fach\u00e1in.<\/p>\n\n\n\n<p class=\"has-text-align-center has-white-color has-text-color has-link-color has-medium-font-size wp-elements-cc1a81d1fea264bbd5dfcb519c8a496a\">T\u00e1 do rannph\u00e1irt\u00edocht r\u00edth\u00e1bhachtach, mar cinnt\u00edonn s\u00e9 go gcloistear agus go mbreathna\u00edtear ar ghuthanna an phobail chun todhcha\u00ed an tionscadail th\u00e1bhachtach seo a mh\u00fanl\u00fa.<\/p>\n<\/div><\/div>\n\n<\/div><\/div><style>.kb-row-layout-id25_e31cbe-0a > .kt-row-column-wrap{align-content:start;}:where(.kb-row-layout-id25_e31cbe-0a > .kt-row-column-wrap) > .wp-block-kadence-column{justify-content:start;}.kb-row-layout-id25_e31cbe-0a > .kt-row-column-wrap{column-gap:var(--global-kb-gap-md, 2rem);row-gap:var(--global-kb-gap-md, 2rem);max-width:1024px;margin-left:auto;margin-right:auto;padding-top:var(--global-kb-spacing-xl, 4rem);padding-right:var(--global-kb-spacing-sm, 1.5rem);padding-bottom:var(--global-kb-spacing-xl, 4rem);padding-left:var(--global-kb-spacing-sm, 1.5rem);grid-template-columns:minmax(0, 1fr);}.kb-row-layout-id25_e31cbe-0a > .kt-row-layout-overlay{opacity:0.30;}@media all and (max-width: 1024px){.kb-row-layout-id25_e31cbe-0a > .kt-row-column-wrap{grid-template-columns:minmax(0, 1fr);}}@media all and (max-width: 767px){.kb-row-layout-id25_e31cbe-0a > .kt-row-column-wrap{grid-template-columns:minmax(0, 1fr);}}<\/style><div class=\"kb-row-layout-wrap kb-row-layout-id25_e31cbe-0a alignnone has-green-background-color kt-row-has-bg wp-block-kadence-rowlayout\"><div class=\"kt-row-column-wrap kt-has-1-columns kt-row-layout-equal kt-tab-layout-inherit kt-mobile-layout-row kt-row-valign-top\">\n<style>.kadence-column25_0ec9a2-8b > .kt-inside-inner-col,.kadence-column25_0ec9a2-8b > .kt-inside-inner-col:before{border-top-left-radius:0px;border-top-right-radius:0px;border-bottom-right-radius:0px;border-bottom-left-radius:0px;}.kadence-column25_0ec9a2-8b > .kt-inside-inner-col{column-gap:var(--global-kb-gap-sm, 1rem);}.kadence-column25_0ec9a2-8b > .kt-inside-inner-col{flex-direction:column;}.kadence-column25_0ec9a2-8b > .kt-inside-inner-col > .aligncenter{width:100%;}.kadence-column25_0ec9a2-8b > .kt-inside-inner-col:before{opacity:0.3;}.kadence-column25_0ec9a2-8b{position:relative;}@media all and (max-width: 1024px){.kadence-column25_0ec9a2-8b > .kt-inside-inner-col{flex-direction:column;justify-content:center;}}@media all and (max-width: 767px){.kadence-column25_0ec9a2-8b > .kt-inside-inner-col{flex-direction:column;justify-content:center;}}<\/style>\n<div class=\"wp-block-kadence-column kadence-column25_0ec9a2-8b\"><div class=\"kt-inside-inner-col\"><style>.kadence-column25_ca8794-66 > .kt-inside-inner-col{padding-top:var(--global-kb-spacing-lg, 3rem);padding-right:var(--global-kb-spacing-lg, 3rem);padding-bottom:var(--global-kb-spacing-lg, 3rem);padding-left:var(--global-kb-spacing-lg, 3rem);}.kadence-column25_ca8794-66 > .kt-inside-inner-col,.kadence-column25_ca8794-66 > .kt-inside-inner-col:before{border-top-left-radius:60px;border-top-right-radius:60px;border-bottom-right-radius:0px;border-bottom-left-radius:60px;}.kadence-column25_ca8794-66 > .kt-inside-inner-col{column-gap:var(--global-kb-gap-sm, 1rem);}.kadence-column25_ca8794-66 > .kt-inside-inner-col{flex-direction:column;}.kadence-column25_ca8794-66 > .kt-inside-inner-col > .aligncenter{width:100%;}.kadence-column25_ca8794-66 > .kt-inside-inner-col{background-color:#ffffff;}.kadence-column25_ca8794-66 > .kt-inside-inner-col:before{opacity:0.3;}.kadence-column25_ca8794-66, .kadence-column25_ca8794-66 h1, .kadence-column25_ca8794-66 h2, .kadence-column25_ca8794-66 h3, .kadence-column25_ca8794-66 h4, .kadence-column25_ca8794-66 h5, .kadence-column25_ca8794-66 h6{color:#000500;}.kadence-column25_ca8794-66 a{color:#177994;}.kadence-column25_ca8794-66 a:hover{color:#0D9344;}.kadence-column25_ca8794-66{position:relative;}@media all and (max-width: 1024px){.kadence-column25_ca8794-66 > .kt-inside-inner-col{flex-direction:column;justify-content:center;}}@media all and (max-width: 767px){.kadence-column25_ca8794-66 > .kt-inside-inner-col{flex-direction:column;justify-content:center;}}<\/style>\n<div class=\"wp-block-kadence-column kadence-column25_ca8794-66\"><div class=\"kt-inside-inner-col\">\n<h3 class=\"wp-block-heading\">Comhairli\u00fach\u00e1n Poibl\u00ed Uimh.1<\/h3>\n\n\n\n<p>Bh\u00ed Comhairli\u00fach\u00e1n Poibl\u00ed Uimh.1 ar an Limist\u00e9ar Staid\u00e9ir ar si\u00fal idir an 17 Feabhra agus an 14 M\u00e1rta 2025. Re\u00e1cht\u00e1ladh an comhairli\u00fach\u00e1n seo ar l\u00edne tr\u00ed shu\u00edomh gr\u00e9as\u00e1in an tionscadail agus tr\u00ed dh\u00e1 l\u00e1 comhairli\u00fach\u00e1in phoibl\u00ed duine le duine.<\/p>\n\n\n\n<p>Ba mhaith leis an bhFoireann Tionscadail bu\u00edochas a ghabh\u00e1il le gach duine a ghlac p\u00e1irt sa chomhairli\u00fach\u00e1n seo, tr\u00edd an su\u00edomh Gr\u00e9as\u00e1in seo agus ag \u00e1r n-imeachta\u00ed pearsanta araon, toisc go bhfuil aiseolas \u00e1iti\u00fail r\u00edth\u00e1bhachtach do rath an tionscadail seo.<\/p>\n\n\n<style>.wp-block-kadence-spacer.kt-block-spacer-25_f986fd-70 .kt-block-spacer{height:30px;}.wp-block-kadence-spacer.kt-block-spacer-25_f986fd-70 .kt-divider{border-top-width:1px;height:1px;border-top-color:#eee;width:80%;border-top-style:solid;}<\/style>\n<div class=\"wp-block-kadence-spacer aligncenter kt-block-spacer-25_f986fd-70\"><div class=\"kt-block-spacer kt-block-spacer-halign-center\"><\/div><\/div>\n\n\n\n<h3 class=\"wp-block-heading\">Comhairli\u00fach\u00e1n Poibl\u00ed Uimh. 2<\/h3>\n\n\n\n<p>Beidh Comhairli\u00fach\u00e1n Poibl\u00ed Uimh. 2 ar na Roghanna maidir le Conair Bealaigh at\u00e1 Beartaithe ar si\u00fal \u00f3n <sup>6\u00fa<\/sup> <sup>\u201327\u00fa<\/sup> Aibre\u00e1n 2026.<\/p>\n\n\n\n<p>Is f\u00e9idir teacht ar an doicim\u00e9adacht uile a bhaineann le Comhairli\u00fach\u00e1n Poibl\u00ed Uimh. 2 in\u00e1r Rann\u00f3g Foilseach\u00e1n agus Map\u00e1la.<\/p>\n\n\n\n<p>Beidh seisi\u00fan eolais duine le duine ar si\u00fal ar an <sup>13<\/sup> Aibre\u00e1n 2026 \u00f3 2pm-7pm ag Cois Abhann, Inis T\u00edog, R95 CX52.<\/p>\n\n\n\n<p>B\u00ed linn le do thoil chun do thuairim a chur in i\u00fal agus p\u00e1irt a ghlacadh sa phr\u00f3iseas Comhairli\u00fach\u00e1in Phoibl\u00ed. Is f\u00e9idir leat d\u2019aiseolas a roinnt tr\u00edd an nasc seo a leanas freisin: <a href=\"https:\/\/forms.cloud.microsoft\/r\/Ygx06URezL\" target=\"_blank\" rel=\"noreferrer noopener\">Foirm Aiseolais<\/a> .<\/p>\n<\/div><\/div>\n<\/div><\/div>\n\n<\/div><\/div><style>.kb-row-layout-id25_1343a2-af > .kt-row-column-wrap{align-content:start;}:where(.kb-row-layout-id25_1343a2-af > .kt-row-column-wrap) > .wp-block-kadence-column{justify-content:start;}.kb-row-layout-id25_1343a2-af > .kt-row-column-wrap{column-gap:var(--global-kb-gap-md, 2rem);row-gap:var(--global-kb-gap-md, 2rem);max-width:800px;margin-left:auto;margin-right:auto;padding-top:var(--global-kb-spacing-sm, 1.5rem);padding-bottom:var(--global-kb-spacing-sm, 1.5rem);grid-template-columns:minmax(0, 1fr);}.kb-row-layout-id25_1343a2-af > .kt-row-layout-overlay{opacity:0.30;}@media all and (max-width: 1024px){.kb-row-layout-id25_1343a2-af > .kt-row-column-wrap{grid-template-columns:minmax(0, 1fr);}}@media all and (max-width: 767px){.kb-row-layout-id25_1343a2-af > .kt-row-column-wrap{grid-template-columns:minmax(0, 1fr);}}<\/style><div class=\"kb-row-layout-wrap kb-row-layout-id25_1343a2-af alignnone wp-block-kadence-rowlayout\"><div class=\"kt-row-column-wrap kt-has-1-columns kt-row-layout-equal kt-tab-layout-inherit kt-mobile-layout-row kt-row-valign-top\">\n<style>.kadence-column25_fe2988-c9 > .kt-inside-inner-col,.kadence-column25_fe2988-c9 > .kt-inside-inner-col:before{border-top-left-radius:0px;border-top-right-radius:0px;border-bottom-right-radius:0px;border-bottom-left-radius:0px;}.kadence-column25_fe2988-c9 > .kt-inside-inner-col{column-gap:var(--global-kb-gap-sm, 1rem);}.kadence-column25_fe2988-c9 > .kt-inside-inner-col{flex-direction:column;}.kadence-column25_fe2988-c9 > .kt-inside-inner-col > .aligncenter{width:100%;}.kadence-column25_fe2988-c9 > .kt-inside-inner-col:before{opacity:0.3;}.kadence-column25_fe2988-c9{position:relative;}@media all and (max-width: 1024px){.kadence-column25_fe2988-c9 > .kt-inside-inner-col{flex-direction:column;justify-content:center;}}@media all and (max-width: 767px){.kadence-column25_fe2988-c9 > .kt-inside-inner-col{flex-direction:column;justify-content:center;}}<\/style>\n<div class=\"wp-block-kadence-column kadence-column25_fe2988-c9\"><div class=\"kt-inside-inner-col\"><\/div><\/div>\n\n<\/div><\/div><style>.kb-row-layout-id25_25bf37-81 > .kt-row-column-wrap{align-content:start;}:where(.kb-row-layout-id25_25bf37-81 > .kt-row-column-wrap) > .wp-block-kadence-column{justify-content:start;}.kb-row-layout-id25_25bf37-81 > .kt-row-column-wrap{column-gap:var(--global-kb-gap-md, 2rem);row-gap:var(--global-kb-gap-md, 2rem);max-width:800px;margin-left:auto;margin-right:auto;padding-top:var(--global-kb-spacing-xl, 4rem);padding-bottom:var(--global-kb-spacing-xl, 4rem);grid-template-columns:minmax(0, 1fr);}.kb-row-layout-id25_25bf37-81 > .kt-row-layout-overlay{opacity:0.30;}@media all and (max-width: 1024px){.kb-row-layout-id25_25bf37-81 > .kt-row-column-wrap{padding-right:var(--global-kb-spacing-sm, 1.5rem);padding-left:var(--global-kb-spacing-sm, 1.5rem);grid-template-columns:minmax(0, 1fr);}}@media all and (max-width: 767px){.kb-row-layout-id25_25bf37-81 > .kt-row-column-wrap{grid-template-columns:minmax(0, 1fr);}}<\/style><div class=\"kb-row-layout-wrap kb-row-layout-id25_25bf37-81 alignnone wp-block-kadence-rowlayout\"><div class=\"kt-row-column-wrap kt-has-1-columns kt-row-layout-equal kt-tab-layout-inherit kt-mobile-layout-row kt-row-valign-top\">\n<style>.kadence-column25_e4eadf-c3 > .kt-inside-inner-col{padding-top:var(--global-kb-spacing-lg, 3rem);padding-right:var(--global-kb-spacing-lg, 3rem);padding-bottom:var(--global-kb-spacing-lg, 3rem);padding-left:var(--global-kb-spacing-lg, 3rem);}.kadence-column25_e4eadf-c3 > .kt-inside-inner-col,.kadence-column25_e4eadf-c3 > .kt-inside-inner-col:before{border-top-left-radius:60px;border-top-right-radius:60px;border-bottom-right-radius:0px;border-bottom-left-radius:60px;}.kadence-column25_e4eadf-c3 > .kt-inside-inner-col{column-gap:var(--global-kb-gap-sm, 1rem);}.kadence-column25_e4eadf-c3 > .kt-inside-inner-col{flex-direction:column;}.kadence-column25_e4eadf-c3 > .kt-inside-inner-col > .aligncenter{width:100%;}.kadence-column25_e4eadf-c3 > .kt-inside-inner-col{background-color:#177994;}.kadence-column25_e4eadf-c3 > .kt-inside-inner-col:before{opacity:0.3;}.kadence-column25_e4eadf-c3{position:relative;}@media all and (max-width: 1024px){.kadence-column25_e4eadf-c3 > .kt-inside-inner-col{flex-direction:column;justify-content:center;}}@media all and (max-width: 767px){.kadence-column25_e4eadf-c3 > .kt-inside-inner-col{flex-direction:column;justify-content:center;}}<\/style>\n<div class=\"wp-block-kadence-column kadence-column25_e4eadf-c3\"><div class=\"kt-inside-inner-col\">\n<h3 class=\"wp-block-heading has-white-color has-text-color has-link-color wp-elements-359551c4be7e9fe588733c66cc1d3218\">Aiseolas \u00c1iti\u00fail<\/h3>\n\n\n\n<p class=\"has-white-color has-text-color has-link-color wp-elements-b0820585b10f4432a4866fcfc73cae6c\">T\u00e1 aiseolas \u00e1iti\u00fail r\u00edth\u00e1bhachtach do rath an tionscadail. F\u00e1ilt\u00edmid roimh do thuairim\u00ed, do smaointe agus do imn\u00ed le linn fhorbairt an tionscadail ar na nithe seo a leanas:<\/p>\n\n\n\n<ul class=\"wp-block-list has-white-color has-text-color has-link-color wp-elements-f804ce1f4c503f5c32fed474fb7c5942\">\n<li>Beala\u00ed f\u00e9ideartha a d\u2019fh\u00e9adfa\u00ed a bhreithni\u00fa.<\/li>\n\n\n\n<li class=\"has-white-color has-text-color has-link-color wp-elements-3c2542e256b2703532e89aba6a4b6a68\">Su\u00edmh, nithe is d\u00edol sp\u00e9ise, n\u00f3 \u00e1iseanna i do cheantar a d\u2019fh\u00e9adfadh a bheith tarraingteach do nasc glasbhealaigh n\u00f3 a d\u2019fh\u00e9adfadh leas a bhaint as.<\/li>\n\n\n\n<li>Gn\u00e9ithe sc\u00e9imhe agus\/n\u00f3 oidhreachta i do cheantar.<\/li>\n\n\n\n<li>Gn\u00e9ithe Comhshaoil \u200b\u200b\/ Bith\u00e9ags\u00falachta ar mhaith leat a aibhsi\u00fa don tionscadal.<\/li>\n<\/ul>\n\n\n\n<p class=\"has-white-color has-text-color has-link-color wp-elements-51a71874ae274c29df639c7c85995a7d\">F\u00e1ilt\u00edtear i gc\u00f3na\u00ed roimh aiseolas tr\u00ed sheoladh r\u00edomhphoist tiomnaithe an tionscadail: <a href=\"mailto:WoodstocktoSEGLink@kilkennycoco.ie\">WoodstocktoSEGLink@kilkennycoco.ie<\/a><\/p>\n<\/div><\/div>\n\n<\/div><\/div>\n<p><\/p>\n","protected":false},"excerpt":{"rendered":"<p>Comhairli\u00fach\u00e1n Poibl\u00ed \u2013 Glac p\u00e1irt! Feidhm\u00edonn an leathanach seo mar acmhainn faisn\u00e9ise maidir le tr\u00e9imhs\u00ed Comhairli\u00fach\u00e1in Phoibl\u00ed an tionscadail. T\u00e1imid tiomanta t\u00fa a choinne\u00e1il ar an eolas, agus d\u00e9anfar an leathanach seo a nuashonr\u00fa go rialta leis an bhfaisn\u00e9is is d\u00e9ana\u00ed maidir le comhairli\u00fach\u00e1in phoibl\u00ed. Ar an leathanach seo gheobhaidh t\u00fa sonra\u00ed faoi imeachta\u00ed comhairli\u00fach\u00e1in [&hellip;]<\/p>\n","protected":false},"author":1,"featured_media":0,"parent":0,"menu_order":0,"comment_status":"closed","ping_status":"closed","template":"","meta":{"_acf_changed":false,"inline_featured_image":false,"footnotes":""},"class_list":["post-731","page","type-page","status-publish","hentry"],"acf":[],"yoast_head":"<!-- This site is optimized with the Yoast SEO plugin v27.5 - https:\/\/yoast.com\/product\/yoast-seo-wordpress\/ -->\n<title>Comhairli\u00fach\u00e1n Poibl\u00ed - Woodstock to South East Greenway<\/title>\n<meta name=\"robots\" content=\"index, follow, max-snippet:-1, max-image-preview:large, max-video-preview:-1\" \/>\n<link rel=\"canonical\" href=\"https:\/\/www.woodstocktosegreenway.ie\/ga\/comhairliuchan-poibli\/\" \/>\n<meta property=\"og:locale\" content=\"ga_IE\" \/>\n<meta property=\"og:type\" content=\"article\" \/>\n<meta property=\"og:title\" content=\"Comhairli\u00fach\u00e1n Poibl\u00ed - Woodstock to South East Greenway\" \/>\n<meta property=\"og:description\" content=\"Comhairli\u00fach\u00e1n Poibl\u00ed \u2013 Glac p\u00e1irt! Feidhm\u00edonn an leathanach seo mar acmhainn faisn\u00e9ise maidir le tr\u00e9imhs\u00ed Comhairli\u00fach\u00e1in Phoibl\u00ed an tionscadail. T\u00e1imid tiomanta t\u00fa a choinne\u00e1il ar an eolas, agus d\u00e9anfar an leathanach seo a nuashonr\u00fa go rialta leis an bhfaisn\u00e9is is d\u00e9ana\u00ed maidir le comhairli\u00fach\u00e1in phoibl\u00ed. Ar an leathanach seo gheobhaidh t\u00fa sonra\u00ed faoi imeachta\u00ed comhairli\u00fach\u00e1in [&hellip;]\" \/>\n<meta property=\"og:url\" content=\"https:\/\/www.woodstocktosegreenway.ie\/ga\/comhairliuchan-poibli\/\" \/>\n<meta property=\"og:site_name\" content=\"Woodstock to South East Greenway\" \/>\n<meta property=\"article:modified_time\" content=\"2026-04-07T08:01:03+00:00\" \/>\n<meta name=\"twitter:card\" content=\"summary_large_image\" \/>\n<meta name=\"twitter:label1\" content=\"Est. reading time\" \/>\n\t<meta name=\"twitter:data1\" content=\"2 minutes\" \/>\n<script type=\"application\/ld+json\" class=\"yoast-schema-graph\">{\"@context\":\"https:\\\/\\\/schema.org\",\"@graph\":[{\"@type\":\"WebPage\",\"@id\":\"https:\\\/\\\/www.woodstocktosegreenway.ie\\\/ga\\\/comhairliuchan-poibli\\\/\",\"url\":\"https:\\\/\\\/www.woodstocktosegreenway.ie\\\/ga\\\/comhairliuchan-poibli\\\/\",\"name\":\"Comhairli\u00fach\u00e1n Poibl\u00ed - Woodstock to South East Greenway\",\"isPartOf\":{\"@id\":\"https:\\\/\\\/99.81.188.186\\\/#website\"},\"datePublished\":\"2024-04-25T20:52:13+00:00\",\"dateModified\":\"2026-04-07T08:01:03+00:00\",\"breadcrumb\":{\"@id\":\"https:\\\/\\\/www.woodstocktosegreenway.ie\\\/ga\\\/comhairliuchan-poibli\\\/#breadcrumb\"},\"inLanguage\":\"ga-IE\",\"potentialAction\":[{\"@type\":\"ReadAction\",\"target\":[\"https:\\\/\\\/www.woodstocktosegreenway.ie\\\/ga\\\/comhairliuchan-poibli\\\/\"]}]},{\"@type\":\"BreadcrumbList\",\"@id\":\"https:\\\/\\\/www.woodstocktosegreenway.ie\\\/ga\\\/comhairliuchan-poibli\\\/#breadcrumb\",\"itemListElement\":[{\"@type\":\"ListItem\",\"position\":1,\"name\":\"Home\",\"item\":\"https:\\\/\\\/www.woodstocktosegreenway.ie\\\/ga\\\/\"},{\"@type\":\"ListItem\",\"position\":2,\"name\":\"Comhairli\u00fach\u00e1n Poibl\u00ed\"}]},{\"@type\":\"WebSite\",\"@id\":\"https:\\\/\\\/99.81.188.186\\\/#website\",\"url\":\"https:\\\/\\\/99.81.188.186\\\/\",\"name\":\"West Cork Greenways\",\"description\":\"\",\"potentialAction\":[{\"@type\":\"SearchAction\",\"target\":{\"@type\":\"EntryPoint\",\"urlTemplate\":\"https:\\\/\\\/99.81.188.186\\\/?s={search_term_string}\"},\"query-input\":{\"@type\":\"PropertyValueSpecification\",\"valueRequired\":true,\"valueName\":\"search_term_string\"}}],\"inLanguage\":\"ga-IE\"}]}<\/script>\n<!-- \/ Yoast SEO plugin. -->","yoast_head_json":{"title":"Comhairli\u00fach\u00e1n Poibl\u00ed - Woodstock to South East Greenway","robots":{"index":"index","follow":"follow","max-snippet":"max-snippet:-1","max-image-preview":"max-image-preview:large","max-video-preview":"max-video-preview:-1"},"canonical":"https:\/\/www.woodstocktosegreenway.ie\/ga\/comhairliuchan-poibli\/","og_locale":"ga_IE","og_type":"article","og_title":"Comhairli\u00fach\u00e1n Poibl\u00ed - Woodstock to South East Greenway","og_description":"Comhairli\u00fach\u00e1n Poibl\u00ed \u2013 Glac p\u00e1irt! Feidhm\u00edonn an leathanach seo mar acmhainn faisn\u00e9ise maidir le tr\u00e9imhs\u00ed Comhairli\u00fach\u00e1in Phoibl\u00ed an tionscadail. T\u00e1imid tiomanta t\u00fa a choinne\u00e1il ar an eolas, agus d\u00e9anfar an leathanach seo a nuashonr\u00fa go rialta leis an bhfaisn\u00e9is is d\u00e9ana\u00ed maidir le comhairli\u00fach\u00e1in phoibl\u00ed. Ar an leathanach seo gheobhaidh t\u00fa sonra\u00ed faoi imeachta\u00ed comhairli\u00fach\u00e1in [&hellip;]","og_url":"https:\/\/www.woodstocktosegreenway.ie\/ga\/comhairliuchan-poibli\/","og_site_name":"Woodstock to South East Greenway","article_modified_time":"2026-04-07T08:01:03+00:00","twitter_card":"summary_large_image","twitter_misc":{"Est. reading time":"2 minutes"},"schema":{"@context":"https:\/\/schema.org","@graph":[{"@type":"WebPage","@id":"https:\/\/www.woodstocktosegreenway.ie\/ga\/comhairliuchan-poibli\/","url":"https:\/\/www.woodstocktosegreenway.ie\/ga\/comhairliuchan-poibli\/","name":"Comhairli\u00fach\u00e1n Poibl\u00ed - Woodstock to South East Greenway","isPartOf":{"@id":"https:\/\/99.81.188.186\/#website"},"datePublished":"2024-04-25T20:52:13+00:00","dateModified":"2026-04-07T08:01:03+00:00","breadcrumb":{"@id":"https:\/\/www.woodstocktosegreenway.ie\/ga\/comhairliuchan-poibli\/#breadcrumb"},"inLanguage":"ga-IE","potentialAction":[{"@type":"ReadAction","target":["https:\/\/www.woodstocktosegreenway.ie\/ga\/comhairliuchan-poibli\/"]}]},{"@type":"BreadcrumbList","@id":"https:\/\/www.woodstocktosegreenway.ie\/ga\/comhairliuchan-poibli\/#breadcrumb","itemListElement":[{"@type":"ListItem","position":1,"name":"Home","item":"https:\/\/www.woodstocktosegreenway.ie\/ga\/"},{"@type":"ListItem","position":2,"name":"Comhairli\u00fach\u00e1n Poibl\u00ed"}]},{"@type":"WebSite","@id":"https:\/\/99.81.188.186\/#website","url":"https:\/\/99.81.188.186\/","name":"West Cork Greenways","description":"","potentialAction":[{"@type":"SearchAction","target":{"@type":"EntryPoint","urlTemplate":"https:\/\/99.81.188.186\/?s={search_term_string}"},"query-input":{"@type":"PropertyValueSpecification","valueRequired":true,"valueName":"search_term_string"}}],"inLanguage":"ga-IE"}]}},"_links":{"self":[{"href":"https:\/\/www.woodstocktosegreenway.ie\/ga\/wp-json\/wp\/v2\/pages\/731","targetHints":{"allow":["GET"]}}],"collection":[{"href":"https:\/\/www.woodstocktosegreenway.ie\/ga\/wp-json\/wp\/v2\/pages"}],"about":[{"href":"https:\/\/www.woodstocktosegreenway.ie\/ga\/wp-json\/wp\/v2\/types\/page"}],"author":[{"embeddable":true,"href":"https:\/\/www.woodstocktosegreenway.ie\/ga\/wp-json\/wp\/v2\/users\/1"}],"replies":[{"embeddable":true,"href":"https:\/\/www.woodstocktosegreenway.ie\/ga\/wp-json\/wp\/v2\/comments?post=731"}],"version-history":[{"count":5,"href":"https:\/\/www.woodstocktosegreenway.ie\/ga\/wp-json\/wp\/v2\/pages\/731\/revisions"}],"predecessor-version":[{"id":917,"href":"https:\/\/www.woodstocktosegreenway.ie\/ga\/wp-json\/wp\/v2\/pages\/731\/revisions\/917"}],"wp:attachment":[{"href":"https:\/\/www.woodstocktosegreenway.ie\/ga\/wp-json\/wp\/v2\/media?parent=731"}],"curies":[{"name":"wp","href":"https:\/\/api.w.org\/{rel}","templated":true}]}}