{"id":729,"date":"2024-04-25T20:52:30","date_gmt":"2024-04-25T20:52:30","guid":{"rendered":"https:\/\/woodstocktosegreenway.darvu.com\/cad-ata-ag-tarlu-anois\/"},"modified":"2026-04-07T07:52:18","modified_gmt":"2026-04-07T07:52:18","slug":"cad-ata-ag-tarlu-anois","status":"publish","type":"page","link":"https:\/\/www.woodstocktosegreenway.ie\/ga\/cad-ata-ag-tarlu-anois\/","title":{"rendered":"Cad at\u00e1 ag Tarl\u00fa Anois?"},"content":{"rendered":"<style>.kb-row-layout-id27_deaaa6-60 > .kt-row-column-wrap{align-content:start;}:where(.kb-row-layout-id27_deaaa6-60 > .kt-row-column-wrap) > .wp-block-kadence-column{justify-content:start;}.kb-row-layout-id27_deaaa6-60 > .kt-row-column-wrap{column-gap:var(--global-kb-gap-md, 2rem);row-gap:var(--global-kb-gap-md, 2rem);max-width:800px;margin-left:auto;margin-right:auto;padding-top:0px;padding-bottom:0px;min-height:700px;grid-template-columns:minmax(0, 1fr);}.kb-row-layout-id27_deaaa6-60{background-image:url('https:\/\/www.woodstocktosegreenway.ie\/wp-content\/uploads\/2024\/11\/40-EU9A4947-scaled.jpg');background-size:cover;background-position:50% 94%;background-attachment:fixed;background-repeat:no-repeat;}.kb-row-layout-id27_deaaa6-60 > .kt-row-layout-overlay{opacity:0.96;background:radial-gradient(ellipse at center center,rgba(0,5,0,0.1) 0%,rgba(0,5,0,0.9) 100%);mix-blend-mode:multiply;}@media all and (max-width: 1024px), only screen and (min-device-width: 1024px) and (max-device-width: 1366px) and (-webkit-min-device-pixel-ratio: 2) and (hover: none){.kb-row-layout-id27_deaaa6-60{background-attachment:scroll;}}@media all and (max-width: 1024px){.kb-row-layout-id27_deaaa6-60 > .kt-row-column-wrap{min-height:300px;grid-template-columns:minmax(0, 1fr);}}@media all and (max-width: 767px){.kb-row-layout-id27_deaaa6-60 > .kt-row-column-wrap{min-height:200px;grid-template-columns:minmax(0, 1fr);}}<\/style><div class=\"kb-row-layout-wrap kb-row-layout-id27_deaaa6-60 alignnone kt-row-has-bg wp-block-kadence-rowlayout\"><div class=\"kt-row-layout-overlay kt-row-overlay-gradient\"><\/div><div class=\"kt-row-column-wrap kt-has-1-columns kt-row-layout-equal kt-tab-layout-inherit kt-mobile-layout-row kt-row-valign-top kt-inner-column-height-full\">\n<style>.kadence-column27_3925ed-c8 > .kt-inside-inner-col{display:flex;}.kadence-column27_3925ed-c8 > .kt-inside-inner-col{min-height:400px;}.kadence-column27_3925ed-c8 > .kt-inside-inner-col,.kadence-column27_3925ed-c8 > .kt-inside-inner-col:before{border-top-left-radius:0px;border-top-right-radius:0px;border-bottom-right-radius:0px;border-bottom-left-radius:0px;}.kadence-column27_3925ed-c8 > .kt-inside-inner-col{column-gap:var(--global-kb-gap-sm, 1rem);}.kadence-column27_3925ed-c8 > .kt-inside-inner-col{flex-direction:column;justify-content:center;}.kadence-column27_3925ed-c8 > .kt-inside-inner-col > .aligncenter{width:100%;}.kt-row-column-wrap > .kadence-column27_3925ed-c8{align-self:center;}.kt-inner-column-height-full:not(.kt-has-1-columns) > .wp-block-kadence-column.kadence-column27_3925ed-c8{align-self:auto;}.kt-inner-column-height-full:not(.kt-has-1-columns) > .wp-block-kadence-column.kadence-column27_3925ed-c8 > .kt-inside-inner-col{flex-direction:column;justify-content:center;}.kadence-column27_3925ed-c8 > .kt-inside-inner-col:before{opacity:1;mix-blend-mode:normal;}.kadence-column27_3925ed-c8{position:relative;}@media all and (max-width: 1024px){.kadence-column27_3925ed-c8 > .kt-inside-inner-col{min-height:300px;flex-direction:column;justify-content:center;}}@media all and (max-width: 1024px){.kt-row-column-wrap > .kadence-column27_3925ed-c8{align-self:center;}}@media all and (max-width: 1024px){.kt-inner-column-height-full:not(.kt-has-1-columns) > .wp-block-kadence-column.kadence-column27_3925ed-c8{align-self:auto;}}@media all and (max-width: 1024px){.kt-inner-column-height-full:not(.kt-has-1-columns) > .wp-block-kadence-column.kadence-column27_3925ed-c8 > .kt-inside-inner-col{flex-direction:column;justify-content:center;}}@media all and (max-width: 767px){.kadence-column27_3925ed-c8 > .kt-inside-inner-col{min-height:200px;flex-direction:column;justify-content:center;}.kt-row-column-wrap > .kadence-column27_3925ed-c8{align-self:center;}.kt-inner-column-height-full:not(.kt-has-1-columns) > .wp-block-kadence-column.kadence-column27_3925ed-c8{align-self:auto;}.kt-inner-column-height-full:not(.kt-has-1-columns) > .wp-block-kadence-column.kadence-column27_3925ed-c8 > .kt-inside-inner-col{flex-direction:column;justify-content:center;}}<\/style>\n<div class=\"wp-block-kadence-column kadence-column27_3925ed-c8\"><div class=\"kt-inside-inner-col\">\n<h2 class=\"wp-block-heading has-text-align-center has-white-color has-text-color has-link-color wp-elements-48920b78f1c900bea4dc7654a6aa496e\">Cad at\u00e1 ag Tarl\u00fa Anois?<\/h2>\n\n\n\n<p class=\"has-text-align-center has-white-color has-text-color has-link-color has-medium-font-size wp-elements-c1093ae709da5ca7260b53d1ef826822\">T\u00e1 an tionscadal i gC\u00e9im 2 den Roghn\u00fa Roghanna faoi l\u00e1thair. Is \u00e9 cusp\u00f3ir Ch\u00e9im 2 roghanna conaire bealaigh a fhorbairt, a scr\u00fad\u00fa agus a mheas\u00fan\u00fa chun rogha is fearr don tionscadal a aithint. D\u00e9anfar meas\u00fan\u00fa ar na roghanna maidir le conair\u00ed bealaigh i gcomhr\u00e9ir leis an Strait\u00e9is um Fhorbairt Glasbheala\u00ed N\u00e1isi\u00fanta agus R\u00e9igi\u00fanacha sa Todhcha\u00ed, an C\u00f3d Cleachtais is Fearr do Ghlasbheala\u00ed N\u00e1isi\u00fanta agus R\u00e9igi\u00fanacha, agus Treoirl\u00ednte um Bainist\u00edocht Tionscadail agus Meas\u00fan\u00fa Tionscadail Bonneagar Iompair \u00c9ireann (TII).<\/p>\n\n\n\n<p class=\"has-text-align-center has-white-color has-text-color has-link-color has-medium-font-size wp-elements-e436b68d66d4e052973e9c018769d93f\">T\u00e1 Comhairli\u00fach\u00e1n Poibl\u00ed Uimh. 2 ar na roghanna maidir leis an gConair Bhealach at\u00e1 Beartaithe oscailte faoi l\u00e1thair go dt\u00ed an <sup>27<\/sup> Aibre\u00e1n 2026.<\/p>\n\n\n\n<p class=\"has-text-align-center has-white-color has-text-color has-link-color has-medium-font-size wp-elements-6db0a13af18a800c1d04a8af4556d28f\">Cuirfear aighneachta\u00ed a gheofar le linn an dara comhairli\u00fach\u00e1n poibl\u00ed maidir le roghanna conaire bealaigh agus aiseolas \u00f3 \u00fain\u00e9ir\u00ed tal\u00fan san \u00e1ireamh agus an rogha is fearr \u00e1 roghn\u00fa.<\/p>\n<\/div><\/div>\n\n<\/div><\/div><style>.kb-row-layout-id27_d79418-dd > .kt-row-column-wrap{align-content:start;}:where(.kb-row-layout-id27_d79418-dd > .kt-row-column-wrap) > .wp-block-kadence-column{justify-content:start;}.kb-row-layout-id27_d79418-dd > .kt-row-column-wrap{column-gap:var(--global-kb-gap-sm, 1rem);row-gap:var(--global-kb-gap-md, 2rem);max-width:1024px;margin-left:auto;margin-right:auto;padding-top:var(--global-kb-spacing-sm, 1.5rem);padding-bottom:var(--global-kb-spacing-md, 2rem);}.kb-row-layout-id27_d79418-dd > .kt-row-column-wrap > div:not(.added-for-specificity){grid-column:initial;}.kb-row-layout-id27_d79418-dd > .kt-row-column-wrap{grid-template-columns:repeat(3, minmax(0, 1fr));}.kb-row-layout-id27_d79418-dd > .kt-row-layout-overlay{opacity:0.30;}@media all and (max-width: 1024px){.kb-row-layout-id27_d79418-dd > .kt-row-column-wrap > div:not(.added-for-specificity){grid-column:initial;}}@media all and (max-width: 1024px){.kb-row-layout-id27_d79418-dd > .kt-row-column-wrap{grid-template-columns:repeat(3, minmax(0, 1fr));}}@media all and (max-width: 767px){.kb-row-layout-id27_d79418-dd > .kt-row-column-wrap > div:not(.added-for-specificity){grid-column:initial;}.kb-row-layout-id27_d79418-dd > .kt-row-column-wrap{grid-template-columns:minmax(0, 1fr);}}<\/style><div class=\"kb-row-layout-wrap kb-row-layout-id27_d79418-dd alignnone has-green-background-color kt-row-has-bg wp-block-kadence-rowlayout\"><div class=\"kt-row-column-wrap kt-has-3-columns kt-row-layout-equal kt-tab-layout-inherit kt-mobile-layout-row kt-row-valign-top\">\n<style>.kadence-column27_88d9c7-4c > .kt-inside-inner-col{padding-top:var(--global-kb-spacing-md, 2rem);padding-bottom:var(--global-kb-spacing-md, 2rem);}.kadence-column27_88d9c7-4c > .kt-inside-inner-col,.kadence-column27_88d9c7-4c > .kt-inside-inner-col:before{border-top-left-radius:0px;border-top-right-radius:0px;border-bottom-right-radius:0px;border-bottom-left-radius:0px;}.kadence-column27_88d9c7-4c > .kt-inside-inner-col{column-gap:var(--global-kb-gap-sm, 1rem);}.kadence-column27_88d9c7-4c > .kt-inside-inner-col{flex-direction:column;}.kadence-column27_88d9c7-4c > .kt-inside-inner-col > .aligncenter{width:100%;}.kadence-column27_88d9c7-4c > .kt-inside-inner-col:before{opacity:0.3;}.kadence-column27_88d9c7-4c{position:relative;}@media all and (max-width: 1024px){.kadence-column27_88d9c7-4c > .kt-inside-inner-col{flex-direction:column;justify-content:center;}}@media all and (max-width: 767px){.kadence-column27_88d9c7-4c > .kt-inside-inner-col{flex-direction:column;justify-content:center;}}<\/style>\n<div class=\"wp-block-kadence-column kadence-column27_88d9c7-4c\"><div class=\"kt-inside-inner-col\"><style>.kadence-column27_d2eb60-65 > .kt-inside-inner-col,.kadence-column27_d2eb60-65 > .kt-inside-inner-col:before{border-top-left-radius:0px;border-top-right-radius:0px;border-bottom-right-radius:0px;border-bottom-left-radius:0px;}.kadence-column27_d2eb60-65 > .kt-inside-inner-col{column-gap:var(--global-kb-gap-sm, 1rem);}.kadence-column27_d2eb60-65 > .kt-inside-inner-col{flex-direction:column;}.kadence-column27_d2eb60-65 > .kt-inside-inner-col > .aligncenter{width:100%;}.kadence-column27_d2eb60-65 > .kt-inside-inner-col:before{opacity:0.3;}.kadence-column27_d2eb60-65{position:relative;}@media all and (max-width: 1024px){.kadence-column27_d2eb60-65 > .kt-inside-inner-col{flex-direction:column;justify-content:center;}}@media all and (max-width: 767px){.kadence-column27_d2eb60-65 > .kt-inside-inner-col{flex-direction:column;justify-content:center;}}<\/style>\n<div class=\"wp-block-kadence-column kadence-column27_d2eb60-65\"><div class=\"kt-inside-inner-col\"><div class=\"wp-block-image\">\n<figure class=\"aligncenter size-full\"><img loading=\"lazy\" decoding=\"async\" width=\"1707\" height=\"2560\" src=\"https:\/\/www.woodstocktosegreenway.ie\/wp-content\/uploads\/2024\/11\/125-EU9A5248-scaled.jpg\" alt=\"\" class=\"wp-image-429 img-responsive\" style=\"aspect-ratio:1;object-fit:cover\" srcset=\"https:\/\/www.woodstocktosegreenway.ie\/wp-content\/uploads\/2024\/11\/125-EU9A5248-scaled.jpg 1707w, https:\/\/www.woodstocktosegreenway.ie\/wp-content\/uploads\/2024\/11\/125-EU9A5248-200x300.jpg 200w, https:\/\/www.woodstocktosegreenway.ie\/wp-content\/uploads\/2024\/11\/125-EU9A5248-683x1024.jpg 683w, https:\/\/www.woodstocktosegreenway.ie\/wp-content\/uploads\/2024\/11\/125-EU9A5248-768x1152.jpg 768w, https:\/\/www.woodstocktosegreenway.ie\/wp-content\/uploads\/2024\/11\/125-EU9A5248-1024x1536.jpg 1024w, https:\/\/www.woodstocktosegreenway.ie\/wp-content\/uploads\/2024\/11\/125-EU9A5248-1365x2048.jpg 1365w\" sizes=\"auto, (max-width: 1707px) 100vw, 1707px\" \/><\/figure>\n<\/div><\/div><\/div>\n<\/div><\/div>\n\n\n<style>.kadence-column27_692296-6b > .kt-inside-inner-col{padding-top:var(--global-kb-spacing-md, 2rem);padding-bottom:var(--global-kb-spacing-md, 2rem);}.kadence-column27_692296-6b > .kt-inside-inner-col,.kadence-column27_692296-6b > .kt-inside-inner-col:before{border-top-left-radius:0px;border-top-right-radius:0px;border-bottom-right-radius:0px;border-bottom-left-radius:0px;}.kadence-column27_692296-6b > .kt-inside-inner-col{column-gap:var(--global-kb-gap-sm, 1rem);}.kadence-column27_692296-6b > .kt-inside-inner-col{flex-direction:column;}.kadence-column27_692296-6b > .kt-inside-inner-col > .aligncenter{width:100%;}.kadence-column27_692296-6b > .kt-inside-inner-col:before{opacity:0.3;}.kadence-column27_692296-6b{position:relative;}@media all and (max-width: 1024px){.kadence-column27_692296-6b > .kt-inside-inner-col{flex-direction:column;justify-content:center;}}@media all and (max-width: 767px){.kadence-column27_692296-6b > .kt-inside-inner-col{flex-direction:column;justify-content:center;}}<\/style>\n<div class=\"wp-block-kadence-column kadence-column27_692296-6b\"><div class=\"kt-inside-inner-col\"><div class=\"wp-block-image\">\n<figure class=\"aligncenter size-full\"><img loading=\"lazy\" decoding=\"async\" width=\"1707\" height=\"2560\" src=\"https:\/\/www.woodstocktosegreenway.ie\/wp-content\/uploads\/2024\/11\/26-EU9A4868-scaled.jpg\" alt=\"\" class=\"wp-image-424 img-responsive\" style=\"aspect-ratio:1;object-fit:cover\" srcset=\"https:\/\/www.woodstocktosegreenway.ie\/wp-content\/uploads\/2024\/11\/26-EU9A4868-scaled.jpg 1707w, https:\/\/www.woodstocktosegreenway.ie\/wp-content\/uploads\/2024\/11\/26-EU9A4868-200x300.jpg 200w, https:\/\/www.woodstocktosegreenway.ie\/wp-content\/uploads\/2024\/11\/26-EU9A4868-683x1024.jpg 683w, https:\/\/www.woodstocktosegreenway.ie\/wp-content\/uploads\/2024\/11\/26-EU9A4868-768x1152.jpg 768w, https:\/\/www.woodstocktosegreenway.ie\/wp-content\/uploads\/2024\/11\/26-EU9A4868-1024x1536.jpg 1024w, https:\/\/www.woodstocktosegreenway.ie\/wp-content\/uploads\/2024\/11\/26-EU9A4868-1365x2048.jpg 1365w\" sizes=\"auto, (max-width: 1707px) 100vw, 1707px\" \/><\/figure>\n<\/div><\/div><\/div>\n\n\n<style>.kadence-column27_6d2444-fb > .kt-inside-inner-col{padding-top:var(--global-kb-spacing-md, 2rem);padding-bottom:var(--global-kb-spacing-md, 2rem);}.kadence-column27_6d2444-fb > .kt-inside-inner-col,.kadence-column27_6d2444-fb > .kt-inside-inner-col:before{border-top-left-radius:0px;border-top-right-radius:0px;border-bottom-right-radius:0px;border-bottom-left-radius:0px;}.kadence-column27_6d2444-fb > .kt-inside-inner-col{column-gap:var(--global-kb-gap-sm, 1rem);}.kadence-column27_6d2444-fb > .kt-inside-inner-col{flex-direction:column;}.kadence-column27_6d2444-fb > .kt-inside-inner-col > .aligncenter{width:100%;}.kadence-column27_6d2444-fb > .kt-inside-inner-col:before{opacity:0.3;}.kadence-column27_6d2444-fb{position:relative;}@media all and (max-width: 1024px){.kadence-column27_6d2444-fb > .kt-inside-inner-col{flex-direction:column;justify-content:center;}}@media all and (max-width: 767px){.kadence-column27_6d2444-fb > .kt-inside-inner-col{flex-direction:column;justify-content:center;}}<\/style>\n<div class=\"wp-block-kadence-column kadence-column27_6d2444-fb\"><div class=\"kt-inside-inner-col\"><div class=\"wp-block-image\">\n<figure class=\"aligncenter size-full\"><img loading=\"lazy\" decoding=\"async\" width=\"2560\" height=\"1707\" src=\"https:\/\/www.woodstocktosegreenway.ie\/wp-content\/uploads\/2024\/11\/69-EU9A5017-scaled.jpg\" alt=\"\" class=\"wp-image-427 img-responsive\" style=\"aspect-ratio:1;object-fit:cover\" srcset=\"https:\/\/www.woodstocktosegreenway.ie\/wp-content\/uploads\/2024\/11\/69-EU9A5017-scaled.jpg 2560w, https:\/\/www.woodstocktosegreenway.ie\/wp-content\/uploads\/2024\/11\/69-EU9A5017-300x200.jpg 300w, https:\/\/www.woodstocktosegreenway.ie\/wp-content\/uploads\/2024\/11\/69-EU9A5017-1024x683.jpg 1024w, https:\/\/www.woodstocktosegreenway.ie\/wp-content\/uploads\/2024\/11\/69-EU9A5017-768x512.jpg 768w, https:\/\/www.woodstocktosegreenway.ie\/wp-content\/uploads\/2024\/11\/69-EU9A5017-1536x1024.jpg 1536w, https:\/\/www.woodstocktosegreenway.ie\/wp-content\/uploads\/2024\/11\/69-EU9A5017-2048x1365.jpg 2048w\" sizes=\"auto, (max-width: 2560px) 100vw, 2560px\" \/><\/figure>\n<\/div><\/div><\/div>\n\n<\/div><\/div>\n<div class=\"wp-block-cover is-light\" style=\"min-height:800px;aspect-ratio:unset;\"><img loading=\"lazy\" decoding=\"async\" width=\"2560\" height=\"1115\" class=\"wp-block-cover__image-background wp-image-431 img-responsive\" alt=\"\" src=\"https:\/\/www.woodstocktosegreenway.ie\/wp-content\/uploads\/2024\/11\/20240617_142919-2-scaled.jpg\" data-object-fit=\"cover\" srcset=\"https:\/\/www.woodstocktosegreenway.ie\/wp-content\/uploads\/2024\/11\/20240617_142919-2-scaled.jpg 2560w, https:\/\/www.woodstocktosegreenway.ie\/wp-content\/uploads\/2024\/11\/20240617_142919-2-300x131.jpg 300w, https:\/\/www.woodstocktosegreenway.ie\/wp-content\/uploads\/2024\/11\/20240617_142919-2-1024x446.jpg 1024w, https:\/\/www.woodstocktosegreenway.ie\/wp-content\/uploads\/2024\/11\/20240617_142919-2-768x334.jpg 768w, https:\/\/www.woodstocktosegreenway.ie\/wp-content\/uploads\/2024\/11\/20240617_142919-2-1536x669.jpg 1536w, https:\/\/www.woodstocktosegreenway.ie\/wp-content\/uploads\/2024\/11\/20240617_142919-2-2048x892.jpg 2048w\" sizes=\"auto, (max-width: 2560px) 100vw, 2560px\" \/><span aria-hidden=\"true\" class=\"wp-block-cover__background has-background-dim-0 has-background-dim\" style=\"background-color:#6c715a\"><\/span><div class=\"wp-block-cover__inner-container is-layout-constrained wp-block-cover-is-layout-constrained\">\n<p class=\"has-text-align-center has-large-font-size\"><\/p>\n<\/div><\/div>\n","protected":false},"excerpt":{"rendered":"<p>Cad at\u00e1 ag Tarl\u00fa Anois? T\u00e1 an tionscadal i gC\u00e9im 2 den Roghn\u00fa Roghanna faoi l\u00e1thair. Is \u00e9 cusp\u00f3ir Ch\u00e9im 2 roghanna conaire bealaigh a fhorbairt, a scr\u00fad\u00fa agus a mheas\u00fan\u00fa chun rogha is fearr don tionscadal a aithint. D\u00e9anfar meas\u00fan\u00fa ar na roghanna maidir le conair\u00ed bealaigh i gcomhr\u00e9ir leis an Strait\u00e9is um Fhorbairt [&hellip;]<\/p>\n","protected":false},"author":1,"featured_media":0,"parent":0,"menu_order":0,"comment_status":"closed","ping_status":"closed","template":"","meta":{"_acf_changed":false,"inline_featured_image":false,"footnotes":""},"class_list":["post-729","page","type-page","status-publish","hentry"],"acf":[],"yoast_head":"<!-- This site is optimized with the Yoast SEO plugin v27.4 - https:\/\/yoast.com\/product\/yoast-seo-wordpress\/ -->\n<title>Cad at\u00e1 ag Tarl\u00fa Anois? - Woodstock to South East Greenway<\/title>\n<meta name=\"robots\" content=\"index, follow, max-snippet:-1, max-image-preview:large, max-video-preview:-1\" \/>\n<link rel=\"canonical\" href=\"https:\/\/www.woodstocktosegreenway.ie\/ga\/cad-ata-ag-tarlu-anois\/\" \/>\n<meta property=\"og:locale\" content=\"ga_IE\" \/>\n<meta property=\"og:type\" content=\"article\" \/>\n<meta property=\"og:title\" content=\"Cad at\u00e1 ag Tarl\u00fa Anois? - Woodstock to South East Greenway\" \/>\n<meta property=\"og:description\" content=\"Cad at\u00e1 ag Tarl\u00fa Anois? T\u00e1 an tionscadal i gC\u00e9im 2 den Roghn\u00fa Roghanna faoi l\u00e1thair. Is \u00e9 cusp\u00f3ir Ch\u00e9im 2 roghanna conaire bealaigh a fhorbairt, a scr\u00fad\u00fa agus a mheas\u00fan\u00fa chun rogha is fearr don tionscadal a aithint. D\u00e9anfar meas\u00fan\u00fa ar na roghanna maidir le conair\u00ed bealaigh i gcomhr\u00e9ir leis an Strait\u00e9is um Fhorbairt [&hellip;]\" \/>\n<meta property=\"og:url\" content=\"https:\/\/www.woodstocktosegreenway.ie\/ga\/cad-ata-ag-tarlu-anois\/\" \/>\n<meta property=\"og:site_name\" content=\"Woodstock to South East Greenway\" \/>\n<meta property=\"article:modified_time\" content=\"2026-04-07T07:52:18+00:00\" \/>\n<meta property=\"og:image\" content=\"https:\/\/www.woodstocktosegreenway.ie\/wp-content\/uploads\/2024\/11\/125-EU9A5248-scaled.jpg\" \/>\n<meta name=\"twitter:card\" content=\"summary_large_image\" \/>\n<meta name=\"twitter:label1\" content=\"Est. reading time\" \/>\n\t<meta name=\"twitter:data1\" content=\"1 minute\" \/>\n<script type=\"application\/ld+json\" class=\"yoast-schema-graph\">{\"@context\":\"https:\\\/\\\/schema.org\",\"@graph\":[{\"@type\":\"WebPage\",\"@id\":\"https:\\\/\\\/www.woodstocktosegreenway.ie\\\/ga\\\/cad-ata-ag-tarlu-anois\\\/\",\"url\":\"https:\\\/\\\/www.woodstocktosegreenway.ie\\\/ga\\\/cad-ata-ag-tarlu-anois\\\/\",\"name\":\"Cad at\u00e1 ag Tarl\u00fa Anois? - Woodstock to South East Greenway\",\"isPartOf\":{\"@id\":\"https:\\\/\\\/99.81.188.186:443\\\/#website\"},\"primaryImageOfPage\":{\"@id\":\"https:\\\/\\\/www.woodstocktosegreenway.ie\\\/ga\\\/cad-ata-ag-tarlu-anois\\\/#primaryimage\"},\"image\":{\"@id\":\"https:\\\/\\\/www.woodstocktosegreenway.ie\\\/ga\\\/cad-ata-ag-tarlu-anois\\\/#primaryimage\"},\"thumbnailUrl\":\"https:\\\/\\\/www.woodstocktosegreenway.ie\\\/wp-content\\\/uploads\\\/2024\\\/11\\\/125-EU9A5248-scaled.jpg\",\"datePublished\":\"2024-04-25T20:52:30+00:00\",\"dateModified\":\"2026-04-07T07:52:18+00:00\",\"breadcrumb\":{\"@id\":\"https:\\\/\\\/www.woodstocktosegreenway.ie\\\/ga\\\/cad-ata-ag-tarlu-anois\\\/#breadcrumb\"},\"inLanguage\":\"ga-IE\",\"potentialAction\":[{\"@type\":\"ReadAction\",\"target\":[\"https:\\\/\\\/www.woodstocktosegreenway.ie\\\/ga\\\/cad-ata-ag-tarlu-anois\\\/\"]}]},{\"@type\":\"ImageObject\",\"inLanguage\":\"ga-IE\",\"@id\":\"https:\\\/\\\/www.woodstocktosegreenway.ie\\\/ga\\\/cad-ata-ag-tarlu-anois\\\/#primaryimage\",\"url\":\"https:\\\/\\\/www.woodstocktosegreenway.ie\\\/wp-content\\\/uploads\\\/2024\\\/11\\\/125-EU9A5248-scaled.jpg\",\"contentUrl\":\"https:\\\/\\\/www.woodstocktosegreenway.ie\\\/wp-content\\\/uploads\\\/2024\\\/11\\\/125-EU9A5248-scaled.jpg\"},{\"@type\":\"BreadcrumbList\",\"@id\":\"https:\\\/\\\/www.woodstocktosegreenway.ie\\\/ga\\\/cad-ata-ag-tarlu-anois\\\/#breadcrumb\",\"itemListElement\":[{\"@type\":\"ListItem\",\"position\":1,\"name\":\"Home\",\"item\":\"https:\\\/\\\/www.woodstocktosegreenway.ie\\\/ga\\\/\"},{\"@type\":\"ListItem\",\"position\":2,\"name\":\"Cad at\u00e1 ag Tarl\u00fa Anois?\"}]},{\"@type\":\"WebSite\",\"@id\":\"https:\\\/\\\/99.81.188.186:443\\\/#website\",\"url\":\"https:\\\/\\\/99.81.188.186:443\\\/\",\"name\":\"West Cork Greenways\",\"description\":\"\",\"potentialAction\":[{\"@type\":\"SearchAction\",\"target\":{\"@type\":\"EntryPoint\",\"urlTemplate\":\"https:\\\/\\\/99.81.188.186:443\\\/?s={search_term_string}\"},\"query-input\":{\"@type\":\"PropertyValueSpecification\",\"valueRequired\":true,\"valueName\":\"search_term_string\"}}],\"inLanguage\":\"ga-IE\"}]}<\/script>\n<!-- \/ Yoast SEO plugin. -->","yoast_head_json":{"title":"Cad at\u00e1 ag Tarl\u00fa Anois? - Woodstock to South East Greenway","robots":{"index":"index","follow":"follow","max-snippet":"max-snippet:-1","max-image-preview":"max-image-preview:large","max-video-preview":"max-video-preview:-1"},"canonical":"https:\/\/www.woodstocktosegreenway.ie\/ga\/cad-ata-ag-tarlu-anois\/","og_locale":"ga_IE","og_type":"article","og_title":"Cad at\u00e1 ag Tarl\u00fa Anois? - Woodstock to South East Greenway","og_description":"Cad at\u00e1 ag Tarl\u00fa Anois? T\u00e1 an tionscadal i gC\u00e9im 2 den Roghn\u00fa Roghanna faoi l\u00e1thair. Is \u00e9 cusp\u00f3ir Ch\u00e9im 2 roghanna conaire bealaigh a fhorbairt, a scr\u00fad\u00fa agus a mheas\u00fan\u00fa chun rogha is fearr don tionscadal a aithint. D\u00e9anfar meas\u00fan\u00fa ar na roghanna maidir le conair\u00ed bealaigh i gcomhr\u00e9ir leis an Strait\u00e9is um Fhorbairt [&hellip;]","og_url":"https:\/\/www.woodstocktosegreenway.ie\/ga\/cad-ata-ag-tarlu-anois\/","og_site_name":"Woodstock to South East Greenway","article_modified_time":"2026-04-07T07:52:18+00:00","og_image":[{"url":"https:\/\/www.woodstocktosegreenway.ie\/wp-content\/uploads\/2024\/11\/125-EU9A5248-scaled.jpg","type":"","width":"","height":""}],"twitter_card":"summary_large_image","twitter_misc":{"Est. reading time":"1 minute"},"schema":{"@context":"https:\/\/schema.org","@graph":[{"@type":"WebPage","@id":"https:\/\/www.woodstocktosegreenway.ie\/ga\/cad-ata-ag-tarlu-anois\/","url":"https:\/\/www.woodstocktosegreenway.ie\/ga\/cad-ata-ag-tarlu-anois\/","name":"Cad at\u00e1 ag Tarl\u00fa Anois? - Woodstock to South East Greenway","isPartOf":{"@id":"https:\/\/99.81.188.186:443\/#website"},"primaryImageOfPage":{"@id":"https:\/\/www.woodstocktosegreenway.ie\/ga\/cad-ata-ag-tarlu-anois\/#primaryimage"},"image":{"@id":"https:\/\/www.woodstocktosegreenway.ie\/ga\/cad-ata-ag-tarlu-anois\/#primaryimage"},"thumbnailUrl":"https:\/\/www.woodstocktosegreenway.ie\/wp-content\/uploads\/2024\/11\/125-EU9A5248-scaled.jpg","datePublished":"2024-04-25T20:52:30+00:00","dateModified":"2026-04-07T07:52:18+00:00","breadcrumb":{"@id":"https:\/\/www.woodstocktosegreenway.ie\/ga\/cad-ata-ag-tarlu-anois\/#breadcrumb"},"inLanguage":"ga-IE","potentialAction":[{"@type":"ReadAction","target":["https:\/\/www.woodstocktosegreenway.ie\/ga\/cad-ata-ag-tarlu-anois\/"]}]},{"@type":"ImageObject","inLanguage":"ga-IE","@id":"https:\/\/www.woodstocktosegreenway.ie\/ga\/cad-ata-ag-tarlu-anois\/#primaryimage","url":"https:\/\/www.woodstocktosegreenway.ie\/wp-content\/uploads\/2024\/11\/125-EU9A5248-scaled.jpg","contentUrl":"https:\/\/www.woodstocktosegreenway.ie\/wp-content\/uploads\/2024\/11\/125-EU9A5248-scaled.jpg"},{"@type":"BreadcrumbList","@id":"https:\/\/www.woodstocktosegreenway.ie\/ga\/cad-ata-ag-tarlu-anois\/#breadcrumb","itemListElement":[{"@type":"ListItem","position":1,"name":"Home","item":"https:\/\/www.woodstocktosegreenway.ie\/ga\/"},{"@type":"ListItem","position":2,"name":"Cad at\u00e1 ag Tarl\u00fa Anois?"}]},{"@type":"WebSite","@id":"https:\/\/99.81.188.186:443\/#website","url":"https:\/\/99.81.188.186:443\/","name":"West Cork Greenways","description":"","potentialAction":[{"@type":"SearchAction","target":{"@type":"EntryPoint","urlTemplate":"https:\/\/99.81.188.186:443\/?s={search_term_string}"},"query-input":{"@type":"PropertyValueSpecification","valueRequired":true,"valueName":"search_term_string"}}],"inLanguage":"ga-IE"}]}},"_links":{"self":[{"href":"https:\/\/www.woodstocktosegreenway.ie\/ga\/wp-json\/wp\/v2\/pages\/729","targetHints":{"allow":["GET"]}}],"collection":[{"href":"https:\/\/www.woodstocktosegreenway.ie\/ga\/wp-json\/wp\/v2\/pages"}],"about":[{"href":"https:\/\/www.woodstocktosegreenway.ie\/ga\/wp-json\/wp\/v2\/types\/page"}],"author":[{"embeddable":true,"href":"https:\/\/www.woodstocktosegreenway.ie\/ga\/wp-json\/wp\/v2\/users\/1"}],"replies":[{"embeddable":true,"href":"https:\/\/www.woodstocktosegreenway.ie\/ga\/wp-json\/wp\/v2\/comments?post=729"}],"version-history":[{"count":5,"href":"https:\/\/www.woodstocktosegreenway.ie\/ga\/wp-json\/wp\/v2\/pages\/729\/revisions"}],"predecessor-version":[{"id":913,"href":"https:\/\/www.woodstocktosegreenway.ie\/ga\/wp-json\/wp\/v2\/pages\/729\/revisions\/913"}],"wp:attachment":[{"href":"https:\/\/www.woodstocktosegreenway.ie\/ga\/wp-json\/wp\/v2\/media?parent=729"}],"curies":[{"name":"wp","href":"https:\/\/api.w.org\/{rel}","templated":true}]}}