{"id":727,"date":"2024-04-25T20:53:05","date_gmt":"2024-04-25T20:53:05","guid":{"rendered":"https:\/\/woodstocktosegreenway.darvu.com\/teagmhail\/"},"modified":"2025-02-13T15:00:47","modified_gmt":"2025-02-13T15:00:47","slug":"teagmhail","status":"publish","type":"page","link":"https:\/\/www.woodstocktosegreenway.ie\/ga\/teagmhail\/","title":{"rendered":"Teagmh\u00e1il"},"content":{"rendered":"<style>.kb-row-layout-id31_ff58da-d6 > .kt-row-column-wrap{align-content:start;}:where(.kb-row-layout-id31_ff58da-d6 > .kt-row-column-wrap) > .wp-block-kadence-column{justify-content:start;}.kb-row-layout-id31_ff58da-d6 > .kt-row-column-wrap{column-gap:var(--global-kb-gap-md, 2rem);row-gap:var(--global-kb-gap-md, 2rem);max-width:742px;margin-left:auto;margin-right:auto;padding-top:0px;padding-bottom:0px;min-height:700px;grid-template-columns:minmax(0, 1fr);}.kb-row-layout-id31_ff58da-d6{background-image:url('https:\/\/www.woodstocktosegreenway.ie\/wp-content\/uploads\/2024\/11\/69-EU9A5017-scaled.jpg');background-size:cover;background-position:center center;background-attachment:fixed;background-repeat:no-repeat;}.kb-row-layout-id31_ff58da-d6 > .kt-row-layout-overlay{opacity:0.96;background:radial-gradient(ellipse at center center,rgba(0,5,0,0.1) 0%,rgba(0,5,0,0.9) 100%);mix-blend-mode:multiply;}@media all and (max-width: 1024px), only screen and (min-device-width: 1024px) and (max-device-width: 1366px) and (-webkit-min-device-pixel-ratio: 2) and (hover: none){.kb-row-layout-id31_ff58da-d6{background-attachment:scroll;}}@media all and (max-width: 1024px){.kb-row-layout-id31_ff58da-d6 > .kt-row-column-wrap{min-height:300px;grid-template-columns:minmax(0, 1fr);}}@media all and (max-width: 767px){.kb-row-layout-id31_ff58da-d6 > .kt-row-column-wrap{min-height:200px;grid-template-columns:minmax(0, 1fr);}}<\/style><div class=\"kb-row-layout-wrap kb-row-layout-id31_ff58da-d6 alignnone kt-row-has-bg wp-block-kadence-rowlayout\"><div class=\"kt-row-layout-overlay kt-row-overlay-gradient\"><\/div><div class=\"kt-row-column-wrap kt-has-1-columns kt-row-layout-equal kt-tab-layout-inherit kt-mobile-layout-row kt-row-valign-top kt-inner-column-height-full\">\n<style>.kadence-column31_bb54e8-44 > .kt-inside-inner-col{display:flex;}.kadence-column31_bb54e8-44 > .kt-inside-inner-col{min-height:400px;}.kadence-column31_bb54e8-44 > .kt-inside-inner-col,.kadence-column31_bb54e8-44 > .kt-inside-inner-col:before{border-top-left-radius:0px;border-top-right-radius:0px;border-bottom-right-radius:0px;border-bottom-left-radius:0px;}.kadence-column31_bb54e8-44 > .kt-inside-inner-col{column-gap:var(--global-kb-gap-sm, 1rem);}.kadence-column31_bb54e8-44 > .kt-inside-inner-col{flex-direction:column;justify-content:center;}.kadence-column31_bb54e8-44 > .kt-inside-inner-col > .aligncenter{width:100%;}.kt-row-column-wrap > .kadence-column31_bb54e8-44{align-self:center;}.kt-inner-column-height-full:not(.kt-has-1-columns) > .wp-block-kadence-column.kadence-column31_bb54e8-44{align-self:auto;}.kt-inner-column-height-full:not(.kt-has-1-columns) > .wp-block-kadence-column.kadence-column31_bb54e8-44 > .kt-inside-inner-col{flex-direction:column;justify-content:center;}.kadence-column31_bb54e8-44 > .kt-inside-inner-col:before{opacity:1;mix-blend-mode:normal;}.kadence-column31_bb54e8-44{position:relative;}@media all and (max-width: 1024px){.kadence-column31_bb54e8-44 > .kt-inside-inner-col{min-height:300px;flex-direction:column;justify-content:center;}}@media all and (max-width: 1024px){.kt-row-column-wrap > .kadence-column31_bb54e8-44{align-self:center;}}@media all and (max-width: 1024px){.kt-inner-column-height-full:not(.kt-has-1-columns) > .wp-block-kadence-column.kadence-column31_bb54e8-44{align-self:auto;}}@media all and (max-width: 1024px){.kt-inner-column-height-full:not(.kt-has-1-columns) > .wp-block-kadence-column.kadence-column31_bb54e8-44 > .kt-inside-inner-col{flex-direction:column;justify-content:center;}}@media all and (max-width: 767px){.kadence-column31_bb54e8-44 > .kt-inside-inner-col{min-height:200px;flex-direction:column;justify-content:center;}.kt-row-column-wrap > .kadence-column31_bb54e8-44{align-self:center;}.kt-inner-column-height-full:not(.kt-has-1-columns) > .wp-block-kadence-column.kadence-column31_bb54e8-44{align-self:auto;}.kt-inner-column-height-full:not(.kt-has-1-columns) > .wp-block-kadence-column.kadence-column31_bb54e8-44 > .kt-inside-inner-col{flex-direction:column;justify-content:center;}}<\/style>\n<div class=\"wp-block-kadence-column kadence-column31_bb54e8-44\"><div class=\"kt-inside-inner-col\"><\/div><\/div>\n\n<\/div><\/div><style>.kb-row-layout-id31_4983ea-c2 > .kt-row-column-wrap{align-content:start;}:where(.kb-row-layout-id31_4983ea-c2 > .kt-row-column-wrap) > .wp-block-kadence-column{justify-content:start;}.kb-row-layout-id31_4983ea-c2 > .kt-row-column-wrap{column-gap:var(--global-kb-gap-md, 2rem);row-gap:var(--global-kb-gap-md, 2rem);max-width:1024px;margin-left:auto;margin-right:auto;padding-top:var(--global-kb-spacing-lg, 3rem);padding-right:var(--global-kb-spacing-sm, 1.5rem);padding-bottom:var(--global-kb-spacing-xs, 1rem);padding-left:var(--global-kb-spacing-sm, 1.5rem);grid-template-columns:minmax(0, 1fr);}.kb-row-layout-id31_4983ea-c2 > .kt-row-layout-overlay{opacity:0.30;}@media all and (max-width: 1024px){.kb-row-layout-id31_4983ea-c2 > .kt-row-column-wrap{grid-template-columns:minmax(0, 1fr);}}@media all and (max-width: 767px){.kb-row-layout-id31_4983ea-c2 > .kt-row-column-wrap{grid-template-columns:minmax(0, 1fr);}}<\/style><div class=\"kb-row-layout-wrap kb-row-layout-id31_4983ea-c2 alignnone has-green-background-color kt-row-has-bg wp-block-kadence-rowlayout\"><div class=\"kt-row-column-wrap kt-has-1-columns kt-row-layout-equal kt-tab-layout-inherit kt-mobile-layout-row kt-row-valign-top\">\n<style>.kadence-column31_5aa3b0-54 > .kt-inside-inner-col,.kadence-column31_5aa3b0-54 > .kt-inside-inner-col:before{border-top-left-radius:0px;border-top-right-radius:0px;border-bottom-right-radius:0px;border-bottom-left-radius:0px;}.kadence-column31_5aa3b0-54 > .kt-inside-inner-col{column-gap:var(--global-kb-gap-sm, 1rem);}.kadence-column31_5aa3b0-54 > .kt-inside-inner-col{flex-direction:column;}.kadence-column31_5aa3b0-54 > .kt-inside-inner-col > .aligncenter{width:100%;}.kadence-column31_5aa3b0-54 > .kt-inside-inner-col:before{opacity:0.3;}.kadence-column31_5aa3b0-54{position:relative;}@media all and (max-width: 1024px){.kadence-column31_5aa3b0-54 > .kt-inside-inner-col{flex-direction:column;justify-content:center;}}@media all and (max-width: 767px){.kadence-column31_5aa3b0-54 > .kt-inside-inner-col{flex-direction:column;justify-content:center;}}<\/style>\n<div class=\"wp-block-kadence-column kadence-column31_5aa3b0-54\"><div class=\"kt-inside-inner-col\">\n<h1 class=\"wp-block-heading has-text-align-center has-white-color has-text-color has-link-color wp-elements-36d5f821c9d14d19ed213e3f9d57c012\" style=\"font-size:32px\">B\u00ed i dTeagmh\u00e1il<\/h1>\n<\/div><\/div>\n\n<\/div><\/div><style>.kb-row-layout-id31_ffc5dd-bb > .kt-row-column-wrap{align-content:start;}:where(.kb-row-layout-id31_ffc5dd-bb > .kt-row-column-wrap) > .wp-block-kadence-column{justify-content:start;}.kb-row-layout-id31_ffc5dd-bb > .kt-row-column-wrap{column-gap:var(--global-kb-gap-md, 2rem);row-gap:var(--global-kb-gap-md, 2rem);max-width:1024px;margin-left:auto;margin-right:auto;padding-top:var(--global-kb-spacing-xxs, 0.5rem);padding-right:var(--global-kb-spacing-sm, 1.5rem);padding-bottom:var(--global-kb-spacing-lg, 3rem);padding-left:var(--global-kb-spacing-sm, 1.5rem);grid-template-columns:minmax(0, calc(50% - ((var(--global-kb-gap-md, 2rem) * 1 )\/2)))minmax(0, calc(50% - ((var(--global-kb-gap-md, 2rem) * 1 )\/2)));}.kb-row-layout-id31_ffc5dd-bb > .kt-row-layout-overlay{opacity:0.30;}@media all and (max-width: 1024px){.kb-row-layout-id31_ffc5dd-bb > .kt-row-column-wrap{grid-template-columns:repeat(2, minmax(0, 1fr));}}@media all and (max-width: 767px){.kb-row-layout-id31_ffc5dd-bb > .kt-row-column-wrap{grid-template-columns:minmax(0, 1fr);}}<\/style><div class=\"kb-row-layout-wrap kb-row-layout-id31_ffc5dd-bb alignnone has-green-background-color kt-row-has-bg wp-block-kadence-rowlayout\"><div class=\"kt-row-column-wrap kt-has-2-columns kt-row-layout-equal kt-tab-layout-inherit kt-mobile-layout-row kt-row-valign-top\">\n<style>.kadence-column31_02f6be-5c > .kt-inside-inner-col,.kadence-column31_02f6be-5c > .kt-inside-inner-col:before{border-top-left-radius:0px;border-top-right-radius:0px;border-bottom-right-radius:0px;border-bottom-left-radius:0px;}.kadence-column31_02f6be-5c > .kt-inside-inner-col{column-gap:var(--global-kb-gap-sm, 1rem);}.kadence-column31_02f6be-5c > .kt-inside-inner-col{flex-direction:column;}.kadence-column31_02f6be-5c > .kt-inside-inner-col > .aligncenter{width:100%;}.kadence-column31_02f6be-5c > .kt-inside-inner-col:before{opacity:0.3;}.kadence-column31_02f6be-5c{position:relative;}@media all and (max-width: 1024px){.kadence-column31_02f6be-5c > .kt-inside-inner-col{flex-direction:column;justify-content:center;}}@media all and (max-width: 767px){.kadence-column31_02f6be-5c > .kt-inside-inner-col{flex-direction:column;justify-content:center;}}<\/style>\n<div class=\"wp-block-kadence-column kadence-column31_02f6be-5c\"><div class=\"kt-inside-inner-col\">\n<p class=\"has-text-align-center has-white-color has-text-color has-link-color wp-elements-3d2ee0facc5f6978e2da3d7c655982db\" style=\"font-size:24px\"><strong>R\u00edomhphost<\/strong> :  <\/p>\n\n\n\n<p class=\"has-text-align-center has-white-color has-text-color has-link-color wp-elements-d829b54643c6a621fe02251b7d9a125c\"><em><a href=\"mailto:WoodstocktoSEGLink@kilkennycoco.ie\">WoodstocktoSEGLink@kilkennycoco.ie<\/a><\/em><\/p>\n<\/div><\/div>\n\n\n<style>.kadence-column31_233f07-79 > .kt-inside-inner-col,.kadence-column31_233f07-79 > .kt-inside-inner-col:before{border-top-left-radius:0px;border-top-right-radius:0px;border-bottom-right-radius:0px;border-bottom-left-radius:0px;}.kadence-column31_233f07-79 > .kt-inside-inner-col{column-gap:var(--global-kb-gap-sm, 1rem);}.kadence-column31_233f07-79 > .kt-inside-inner-col{flex-direction:column;}.kadence-column31_233f07-79 > .kt-inside-inner-col > .aligncenter{width:100%;}.kadence-column31_233f07-79 > .kt-inside-inner-col:before{opacity:0.3;}.kadence-column31_233f07-79{position:relative;}@media all and (max-width: 1024px){.kadence-column31_233f07-79 > .kt-inside-inner-col{flex-direction:column;justify-content:center;}}@media all and (max-width: 767px){.kadence-column31_233f07-79 > .kt-inside-inner-col{flex-direction:column;justify-content:center;}}<\/style>\n<div class=\"wp-block-kadence-column kadence-column31_233f07-79\"><div class=\"kt-inside-inner-col\">\n<p class=\"has-text-align-center has-white-color has-text-color has-link-color wp-elements-5be779baacbd8646bc5ca41775024585\" style=\"font-size:24px\"><strong>Post\u00e1il:<\/strong><\/p>\n\n\n\n<p class=\"has-text-align-center has-white-color has-text-color has-link-color wp-elements-358c62e8140cff052ee9973eaf7d0a03\">Comhairle Contae Chill Chainnigh,<br\/> Halla an Chontae,<br\/> Sr\u00e1id Eoin,<br\/> Chill Chainnigh,<br\/> R95 A39T.<\/p>\n<\/div><\/div>\n\n<\/div><\/div>","protected":false},"excerpt":{"rendered":"<p>B\u00ed i dTeagmh\u00e1il R\u00edomhphost : WoodstocktoSEGLink@kilkennycoco.ie Post\u00e1il: Comhairle Contae Chill Chainnigh, Halla an Chontae, Sr\u00e1id Eoin, Chill Chainnigh, R95 A39T.<\/p>\n","protected":false},"author":1,"featured_media":0,"parent":0,"menu_order":0,"comment_status":"closed","ping_status":"closed","template":"","meta":{"_acf_changed":false,"inline_featured_image":false,"footnotes":""},"class_list":["post-727","page","type-page","status-publish","hentry"],"acf":[],"yoast_head":"<!-- This site is optimized with the Yoast SEO plugin v27.4 - https:\/\/yoast.com\/product\/yoast-seo-wordpress\/ -->\n<title>Teagmh\u00e1il - Woodstock to South East Greenway<\/title>\n<meta name=\"robots\" content=\"index, follow, max-snippet:-1, max-image-preview:large, max-video-preview:-1\" \/>\n<link rel=\"canonical\" href=\"https:\/\/www.woodstocktosegreenway.ie\/ga\/teagmhail\/\" \/>\n<meta property=\"og:locale\" content=\"ga_IE\" \/>\n<meta property=\"og:type\" content=\"article\" \/>\n<meta property=\"og:title\" content=\"Teagmh\u00e1il - Woodstock to South East Greenway\" \/>\n<meta property=\"og:description\" content=\"B\u00ed i dTeagmh\u00e1il R\u00edomhphost : WoodstocktoSEGLink@kilkennycoco.ie Post\u00e1il: Comhairle Contae Chill Chainnigh, Halla an Chontae, Sr\u00e1id Eoin, Chill Chainnigh, R95 A39T.\" \/>\n<meta property=\"og:url\" content=\"https:\/\/www.woodstocktosegreenway.ie\/ga\/teagmhail\/\" \/>\n<meta property=\"og:site_name\" content=\"Woodstock to South East Greenway\" \/>\n<meta property=\"article:modified_time\" content=\"2025-02-13T15:00:47+00:00\" \/>\n<meta name=\"twitter:card\" content=\"summary_large_image\" \/>\n<script type=\"application\/ld+json\" class=\"yoast-schema-graph\">{\"@context\":\"https:\\\/\\\/schema.org\",\"@graph\":[{\"@type\":\"WebPage\",\"@id\":\"https:\\\/\\\/www.woodstocktosegreenway.ie\\\/ga\\\/teagmhail\\\/\",\"url\":\"https:\\\/\\\/www.woodstocktosegreenway.ie\\\/ga\\\/teagmhail\\\/\",\"name\":\"Teagmh\u00e1il - Woodstock to South East Greenway\",\"isPartOf\":{\"@id\":\"https:\\\/\\\/99.81.188.186:443\\\/#website\"},\"datePublished\":\"2024-04-25T20:53:05+00:00\",\"dateModified\":\"2025-02-13T15:00:47+00:00\",\"breadcrumb\":{\"@id\":\"https:\\\/\\\/www.woodstocktosegreenway.ie\\\/ga\\\/teagmhail\\\/#breadcrumb\"},\"inLanguage\":\"ga-IE\",\"potentialAction\":[{\"@type\":\"ReadAction\",\"target\":[\"https:\\\/\\\/www.woodstocktosegreenway.ie\\\/ga\\\/teagmhail\\\/\"]}]},{\"@type\":\"BreadcrumbList\",\"@id\":\"https:\\\/\\\/www.woodstocktosegreenway.ie\\\/ga\\\/teagmhail\\\/#breadcrumb\",\"itemListElement\":[{\"@type\":\"ListItem\",\"position\":1,\"name\":\"Home\",\"item\":\"https:\\\/\\\/www.woodstocktosegreenway.ie\\\/ga\\\/\"},{\"@type\":\"ListItem\",\"position\":2,\"name\":\"Teagmh\u00e1il\"}]},{\"@type\":\"WebSite\",\"@id\":\"https:\\\/\\\/99.81.188.186:443\\\/#website\",\"url\":\"https:\\\/\\\/99.81.188.186:443\\\/\",\"name\":\"West Cork Greenways\",\"description\":\"\",\"potentialAction\":[{\"@type\":\"SearchAction\",\"target\":{\"@type\":\"EntryPoint\",\"urlTemplate\":\"https:\\\/\\\/99.81.188.186:443\\\/?s={search_term_string}\"},\"query-input\":{\"@type\":\"PropertyValueSpecification\",\"valueRequired\":true,\"valueName\":\"search_term_string\"}}],\"inLanguage\":\"ga-IE\"}]}<\/script>\n<!-- \/ Yoast SEO plugin. -->","yoast_head_json":{"title":"Teagmh\u00e1il - Woodstock to South East Greenway","robots":{"index":"index","follow":"follow","max-snippet":"max-snippet:-1","max-image-preview":"max-image-preview:large","max-video-preview":"max-video-preview:-1"},"canonical":"https:\/\/www.woodstocktosegreenway.ie\/ga\/teagmhail\/","og_locale":"ga_IE","og_type":"article","og_title":"Teagmh\u00e1il - Woodstock to South East Greenway","og_description":"B\u00ed i dTeagmh\u00e1il R\u00edomhphost : WoodstocktoSEGLink@kilkennycoco.ie Post\u00e1il: Comhairle Contae Chill Chainnigh, Halla an Chontae, Sr\u00e1id Eoin, Chill Chainnigh, R95 A39T.","og_url":"https:\/\/www.woodstocktosegreenway.ie\/ga\/teagmhail\/","og_site_name":"Woodstock to South East Greenway","article_modified_time":"2025-02-13T15:00:47+00:00","twitter_card":"summary_large_image","schema":{"@context":"https:\/\/schema.org","@graph":[{"@type":"WebPage","@id":"https:\/\/www.woodstocktosegreenway.ie\/ga\/teagmhail\/","url":"https:\/\/www.woodstocktosegreenway.ie\/ga\/teagmhail\/","name":"Teagmh\u00e1il - Woodstock to South East Greenway","isPartOf":{"@id":"https:\/\/99.81.188.186:443\/#website"},"datePublished":"2024-04-25T20:53:05+00:00","dateModified":"2025-02-13T15:00:47+00:00","breadcrumb":{"@id":"https:\/\/www.woodstocktosegreenway.ie\/ga\/teagmhail\/#breadcrumb"},"inLanguage":"ga-IE","potentialAction":[{"@type":"ReadAction","target":["https:\/\/www.woodstocktosegreenway.ie\/ga\/teagmhail\/"]}]},{"@type":"BreadcrumbList","@id":"https:\/\/www.woodstocktosegreenway.ie\/ga\/teagmhail\/#breadcrumb","itemListElement":[{"@type":"ListItem","position":1,"name":"Home","item":"https:\/\/www.woodstocktosegreenway.ie\/ga\/"},{"@type":"ListItem","position":2,"name":"Teagmh\u00e1il"}]},{"@type":"WebSite","@id":"https:\/\/99.81.188.186:443\/#website","url":"https:\/\/99.81.188.186:443\/","name":"West Cork Greenways","description":"","potentialAction":[{"@type":"SearchAction","target":{"@type":"EntryPoint","urlTemplate":"https:\/\/99.81.188.186:443\/?s={search_term_string}"},"query-input":{"@type":"PropertyValueSpecification","valueRequired":true,"valueName":"search_term_string"}}],"inLanguage":"ga-IE"}]}},"_links":{"self":[{"href":"https:\/\/www.woodstocktosegreenway.ie\/ga\/wp-json\/wp\/v2\/pages\/727","targetHints":{"allow":["GET"]}}],"collection":[{"href":"https:\/\/www.woodstocktosegreenway.ie\/ga\/wp-json\/wp\/v2\/pages"}],"about":[{"href":"https:\/\/www.woodstocktosegreenway.ie\/ga\/wp-json\/wp\/v2\/types\/page"}],"author":[{"embeddable":true,"href":"https:\/\/www.woodstocktosegreenway.ie\/ga\/wp-json\/wp\/v2\/users\/1"}],"replies":[{"embeddable":true,"href":"https:\/\/www.woodstocktosegreenway.ie\/ga\/wp-json\/wp\/v2\/comments?post=727"}],"version-history":[{"count":5,"href":"https:\/\/www.woodstocktosegreenway.ie\/ga\/wp-json\/wp\/v2\/pages\/727\/revisions"}],"predecessor-version":[{"id":780,"href":"https:\/\/www.woodstocktosegreenway.ie\/ga\/wp-json\/wp\/v2\/pages\/727\/revisions\/780"}],"wp:attachment":[{"href":"https:\/\/www.woodstocktosegreenway.ie\/ga\/wp-json\/wp\/v2\/media?parent=727"}],"curies":[{"name":"wp","href":"https:\/\/api.w.org\/{rel}","templated":true}]}}